{"id":2622,"date":"2025-10-08T13:43:42","date_gmt":"2025-10-08T11:43:42","guid":{"rendered":"https:\/\/diamonddentart.hu\/palyazat\/"},"modified":"2025-10-08T14:00:05","modified_gmt":"2025-10-08T12:00:05","slug":"competition","status":"publish","type":"page","link":"https:\/\/diamonddentart.hu\/en\/competition\/","title":{"rendered":"Competition"},"content":{"rendered":"<p><div class=\"fusion-fullwidth fullwidth-box fusion-builder-row-1 fusion-flex-container has-pattern-background has-mask-background fusion-parallax-none nonhundred-percent-fullwidth non-hundred-percent-height-scrolling\" style=\"--awb-border-radius-top-left:0px;--awb-border-radius-top-right:0px;--awb-border-radius-bottom-right:0px;--awb-border-radius-bottom-left:0px;--awb-padding-top:2rem;--awb-padding-bottom:1rem;--awb-background-color:var(--awb-color2);--awb-background-image:url(&quot;https:\/\/diamonddentart.hu\/wp-content\/uploads\/2023\/08\/diamond-pattern-blue.svg&quot;);--awb-background-size:cover;\" ><div class=\"fusion-builder-row fusion-row fusion-flex-align-items-flex-start\" style=\"max-width:1456px;margin-left: calc(-4% \/ 2 );margin-right: calc(-4% \/ 2 );\"><div class=\"fusion-layout-column fusion_builder_column fusion-builder-column-0 fusion_builder_column_1_1 1_1 fusion-flex-column\" style=\"--awb-bg-size:cover;--awb-width-large:100%;--awb-margin-top-large:0px;--awb-spacing-right-large:1.92%;--awb-margin-bottom-large:20px;--awb-spacing-left-large:1.92%;--awb-width-medium:100%;--awb-order-medium:0;--awb-spacing-right-medium:1.92%;--awb-spacing-left-medium:1.92%;--awb-width-small:100%;--awb-order-small:0;--awb-spacing-right-small:1.92%;--awb-spacing-left-small:1.92%;\"><div class=\"fusion-column-wrapper fusion-column-has-shadow fusion-flex-justify-content-flex-start fusion-content-layout-column\"><div class=\"fusion-title title fusion-title-1 fusion-title-text fusion-title-size-one\" style=\"--awb-text-color:var(--awb-custom_color_6);--awb-margin-bottom:2rem;--awb-sep-color:var(--awb-custom_color_6);\"><div class=\"title-sep-container title-sep-container-left fusion-no-large-visibility fusion-no-medium-visibility fusion-no-small-visibility\"><div class=\"title-sep sep-single sep-solid\" style=\"border-color:var(--awb-custom_color_6);\"><\/div><\/div><span class=\"awb-title-spacer fusion-no-large-visibility fusion-no-medium-visibility fusion-no-small-visibility\"><\/span><h1 class=\"title-heading-left fusion-responsive-typography-calculated\" style=\"margin:0;text-transform:uppercase;--fontSize:48;line-height:var(--awb-typography1-line-height);\">Competition<\/h1><span class=\"awb-title-spacer\"><\/span><div class=\"title-sep-container title-sep-container-right\"><div class=\"title-sep sep-single sep-solid\" style=\"border-color:var(--awb-custom_color_6);\"><\/div><\/div><\/div><\/div><\/div><\/div><\/div><div class=\"fusion-fullwidth fullwidth-box fusion-builder-row-2 fusion-flex-container has-pattern-background has-mask-background nonhundred-percent-fullwidth non-hundred-percent-height-scrolling\" style=\"--awb-border-radius-top-left:0px;--awb-border-radius-top-right:0px;--awb-border-radius-bottom-right:0px;--awb-border-radius-bottom-left:0px;--awb-padding-top:4rem;--awb-padding-bottom:2rem;\" ><div class=\"fusion-builder-row fusion-row fusion-flex-align-items-flex-start\" style=\"max-width:1456px;margin-left: calc(-4% \/ 2 );margin-right: calc(-4% \/ 2 );\"><div class=\"fusion-layout-column fusion_builder_column fusion-builder-column-1 fusion_builder_column_1_1 1_1 fusion-flex-column fusion-flex-align-self-stretch\" style=\"--awb-padding-top:1rem;--awb-padding-right:1rem;--awb-padding-bottom:1rem;--awb-padding-left:1rem;--awb-overflow:hidden;--awb-bg-color:var(--awb-custom_color_6);--awb-bg-color-hover:var(--awb-custom_color_6);--awb-bg-size:cover;--awb-border-radius:2px 2px 2px 2px;--awb-width-large:100%;--awb-margin-top-large:0px;--awb-spacing-right-large:1.92%;--awb-margin-bottom-large:3rem;--awb-spacing-left-large:1.92%;--awb-width-medium:100%;--awb-order-medium:0;--awb-spacing-right-medium:1.92%;--awb-spacing-left-medium:1.92%;--awb-width-small:100%;--awb-order-small:0;--awb-spacing-right-small:1.92%;--awb-spacing-left-small:1.92%;\" data-motion-effects=\"[{&quot;type&quot;:&quot;&quot;,&quot;scroll_type&quot;:&quot;transition&quot;,&quot;scroll_direction&quot;:&quot;up&quot;,&quot;transition_speed&quot;:&quot;1&quot;,&quot;fade_type&quot;:&quot;in&quot;,&quot;scale_type&quot;:&quot;up&quot;,&quot;initial_scale&quot;:&quot;1&quot;,&quot;max_scale&quot;:&quot;1.5&quot;,&quot;min_scale&quot;:&quot;0.5&quot;,&quot;initial_rotate&quot;:&quot;0&quot;,&quot;end_rotate&quot;:&quot;30&quot;,&quot;initial_blur&quot;:&quot;0&quot;,&quot;end_blur&quot;:&quot;3&quot;,&quot;start_element&quot;:&quot;top&quot;,&quot;start_viewport&quot;:&quot;bottom&quot;,&quot;end_element&quot;:&quot;bottom&quot;,&quot;end_viewport&quot;:&quot;top&quot;,&quot;mouse_effect&quot;:&quot;track&quot;,&quot;mouse_effect_direction&quot;:&quot;opposite&quot;,&quot;mouse_effect_speed&quot;:&quot;2&quot;,&quot;infinite_animation&quot;:&quot;float&quot;,&quot;infinite_animation_speed&quot;:&quot;2&quot;}]\" data-scroll-devices=\"small-visibility,medium-visibility,large-visibility\"><div class=\"fusion-column-wrapper fusion-column-has-shadow fusion-flex-justify-content-flex-start fusion-content-layout-column\"><div class=\"fusion-image-element \" style=\"--awb-margin-bottom:2rem;--awb-caption-title-font-family:var(--h2_typography-font-family);--awb-caption-title-font-weight:var(--h2_typography-font-weight);--awb-caption-title-font-style:var(--h2_typography-font-style);--awb-caption-title-size:var(--h2_typography-font-size);--awb-caption-title-transform:var(--h2_typography-text-transform);--awb-caption-title-line-height:var(--h2_typography-line-height);--awb-caption-title-letter-spacing:var(--h2_typography-letter-spacing);\"><span class=\" fusion-imageframe imageframe-none imageframe-1 hover-type-none\" class=\"image-magnify\" class=\"image-scroll\"><img decoding=\"async\" width=\"2560\" height=\"730\" title=\"szechenyi-plusz\" src=\"https:\/\/diamonddentart.hu\/wp-content\/uploads\/2025\/10\/szechenyi-plusz-scaled.jpg\" alt class=\"img-responsive wp-image-2597\" srcset=\"https:\/\/diamonddentart.hu\/wp-content\/uploads\/2025\/10\/szechenyi-plusz-200x57.jpg 200w, https:\/\/diamonddentart.hu\/wp-content\/uploads\/2025\/10\/szechenyi-plusz-400x114.jpg 400w, https:\/\/diamonddentart.hu\/wp-content\/uploads\/2025\/10\/szechenyi-plusz-600x171.jpg 600w, https:\/\/diamonddentart.hu\/wp-content\/uploads\/2025\/10\/szechenyi-plusz-800x228.jpg 800w, https:\/\/diamonddentart.hu\/wp-content\/uploads\/2025\/10\/szechenyi-plusz-1200x342.jpg 1200w, https:\/\/diamonddentart.hu\/wp-content\/uploads\/2025\/10\/szechenyi-plusz-scaled.jpg 2560w\" sizes=\"(max-width: 640px) 100vw, 2560px\" \/><\/span><\/div><div class=\"fusion-text fusion-text-1\" style=\"--awb-text-color:var(--awb-custom_color_5);\"><p>Kedvezm\u00e9nyezett neve: Diamond DentArt Korl\u00e1tolt Felel\u0151ss\u00e9g\u0171 T\u00e1rsas\u00e1g<br \/>\nProjekt azonos\u00edt\u00f3 sz\u00e1ma: GINOP_PLUSZ-1.2.4-25-2025-00554<br \/>\nFejleszt\u00e9s t\u00e1rgya:A Diamond DentArt Kft. fejleszt\u00e9se<br \/>\nSzerz\u0151d\u00f6tt t\u00e1mogat\u00e1s \u00f6sszege:a 7 333 748 Ft, azaz h\u00e9tmilli\u00f3-h\u00e1romsz\u00e1zharminch\u00e1romezer-h\u00e9tsz\u00e1znegyvennyolc forint<\/p>\n<p>A projekt tartalm\u00e1nak r\u00e9szletes bemutat\u00e1sa:<br \/>\nFog\u00e1szati centrumunk Si\u00f3fokon sikeresen nyert p\u00e1ly\u00e1zati t\u00e1mogat\u00e1st, amelynek k\u00f6sz\u00f6nhet\u0151en tov\u00e1bb fejleszthetj\u00fck szolg\u00e1ltat\u00e1sainkat. C\u00e9lunk, hogy a legmagasabb szakmai \u00e9s technol\u00f3giai szinten ny\u00fajtsunk teljes k\u00f6r\u0171 fog\u00e1szati ell\u00e1t\u00e1st \u2014 a megel\u0151z\u00e9st\u0151l \u00e9s eszt\u00e9tikai kezel\u00e9sekt\u0151l kezdve eg\u00e9szen a sz\u00e1jseb\u00e9szetig \u00e9s implantol\u00f3gi\u00e1ig.<\/p>\n<p>A beruh\u00e1z\u00e1s r\u00e9v\u00e9n korszer\u0171 diagnosztikai \u00e9s kezel\u0151eszk\u00f6z\u00f6kkel, meg\u00fajult k\u00f6rnyezettel \u00e9s m\u00e9g hat\u00e9konyabb betegell\u00e1t\u00e1ssal v\u00e1rjuk magyar \u00e9s k\u00fclf\u00f6ldi p\u00e1cienseinket.<br \/>\nT\u00f6reksz\u00fcnk arra, hogy mindenki sz\u00e1m\u00e1ra el\u00e9rhet\u0151v\u00e9 tegy\u00fck a mosoly meg\u0151rz\u00e9s\u00e9t \u00e9s visszaad\u00e1s\u00e1t a legmodernebb megold\u00e1sokkal, itt, a Balaton partj\u00e1n.<\/p>\n<p>Jelen projekt keret\u00e9ben h\u00e1rom kiemelten fontos fog\u00e1szati eszk\u00f6z \u2013 Anthos Classe A5 kezel\u0151egys\u00e9g, Euronda E8 autokl\u00e1v, valamint a Voxeltek Mark IV 3D nyomtat\u00f3 \u2013 beszerz\u00e9s\u00e9t tervezz\u00fck, amelyek a mag\u00e1nrendel\u0151 m\u0171k\u00f6d\u00e9s\u00e9nek szakmai sz\u00ednvonal\u00e1t, gyorsas\u00e1g\u00e1t \u00e9s hat\u00e9konys\u00e1g\u00e1t emelik. Az eszk\u00f6z\u00f6ket kieg\u00e9sz\u00edti egy felh\u0151alap\u00fa e-kereskedelmi szoftver \u00e9s h\u00e1rom f\u0151 r\u00e9sz\u00e9re Microsoft 365 Business Standard licensz, amelyek a m\u0171k\u00f6d\u00e9s digitaliz\u00e1l\u00e1s\u00e1t t\u00e1mogatj\u00e1k.<\/p>\n<p>A projekt tervezett befejez\u00e9si d\u00e1tuma: 2026.12.31.<br \/>\nA projekt az Eur\u00f3pai Uni\u00f3 finansz\u00edroz\u00e1s\u00e1val val\u00f3sul meg.<\/p>\n<\/div><\/div><\/div><\/div><\/div><\/p>\n","protected":false},"excerpt":{"rendered":"","protected":false},"author":1,"featured_media":0,"parent":0,"menu_order":0,"comment_status":"closed","ping_status":"closed","template":"100-width.php","meta":{"inline_featured_image":false,"footnotes":""},"class_list":["post-2622","page","type-page","status-publish","hentry"],"yoast_head":"<!-- This site is optimized with the Yoast SEO Premium plugin v26.2 (Yoast SEO v26.6) - https:\/\/yoast.com\/wordpress\/plugins\/seo\/ -->\n<title>Fog\u00e1szati \u00e1rak - Diamond DentArt<\/title>\n<meta name=\"description\" content=\"Tekintsd meg si\u00f3foki fog\u00e1szati rendel\u0151nk \u00e1rait: diagnosztika \u00e1rak, fog\u00e1szati kezel\u00e9s \u00e9s dent\u00e1lhigi\u00e9niai \u00e1rak. Tudjon meg t\u00f6bbet oldalunkon!\" \/>\n<meta name=\"robots\" content=\"index, follow, max-snippet:-1, max-image-preview:large, max-video-preview:-1\" \/>\n<link rel=\"canonical\" href=\"https:\/\/diamonddentart.hu\/en\/competition\/\" \/>\n<meta property=\"og:locale\" content=\"en_US\" \/>\n<meta property=\"og:type\" content=\"article\" \/>\n<meta property=\"og:title\" content=\"Competition\" \/>\n<meta property=\"og:description\" content=\"Tekintsd meg si\u00f3foki fog\u00e1szati rendel\u0151nk \u00e1rait: diagnosztika \u00e1rak, fog\u00e1szati kezel\u00e9s \u00e9s dent\u00e1lhigi\u00e9niai \u00e1rak. Tudjon meg t\u00f6bbet oldalunkon!\" \/>\n<meta property=\"og:url\" content=\"https:\/\/diamonddentart.hu\/en\/competition\/\" \/>\n<meta property=\"og:site_name\" content=\"Diamond DentArt\" \/>\n<meta property=\"article:modified_time\" content=\"2025-10-08T12:00:05+00:00\" \/>\n<meta name=\"twitter:card\" content=\"summary_large_image\" \/>\n<meta name=\"twitter:label1\" content=\"Est. reading time\" \/>\n\t<meta name=\"twitter:data1\" content=\"5 minutes\" \/>\n<script type=\"application\/ld+json\" class=\"yoast-schema-graph\">{\"@context\":\"https:\/\/schema.org\",\"@graph\":[{\"@type\":\"WebPage\",\"@id\":\"https:\/\/diamonddentart.hu\/en\/competition\/\",\"url\":\"https:\/\/diamonddentart.hu\/en\/competition\/\",\"name\":\"Fog\u00e1szati \u00e1rak - Diamond DentArt\",\"isPartOf\":{\"@id\":\"https:\/\/diamonddentart.hu\/en\/#website\"},\"datePublished\":\"2025-10-08T11:43:42+00:00\",\"dateModified\":\"2025-10-08T12:00:05+00:00\",\"description\":\"Tekintsd meg si\u00f3foki fog\u00e1szati rendel\u0151nk \u00e1rait: diagnosztika \u00e1rak, fog\u00e1szati kezel\u00e9s \u00e9s dent\u00e1lhigi\u00e9niai \u00e1rak. Tudjon meg t\u00f6bbet oldalunkon!\",\"breadcrumb\":{\"@id\":\"https:\/\/diamonddentart.hu\/en\/competition\/#breadcrumb\"},\"inLanguage\":\"en-US\",\"potentialAction\":[{\"@type\":\"ReadAction\",\"target\":[\"https:\/\/diamonddentart.hu\/en\/competition\/\"]}]},{\"@type\":\"BreadcrumbList\",\"@id\":\"https:\/\/diamonddentart.hu\/en\/competition\/#breadcrumb\",\"itemListElement\":[{\"@type\":\"ListItem\",\"position\":1,\"name\":\"Home\",\"item\":\"https:\/\/diamonddentart.hu\/en\/\"},{\"@type\":\"ListItem\",\"position\":2,\"name\":\"Competition\"}]},{\"@type\":\"WebSite\",\"@id\":\"https:\/\/diamonddentart.hu\/en\/#website\",\"url\":\"https:\/\/diamonddentart.hu\/en\/\",\"name\":\"Diamond DentArt\",\"description\":\"Fog\u00e1szati Centrum\",\"publisher\":{\"@id\":\"https:\/\/diamonddentart.hu\/en\/#organization\"},\"potentialAction\":[{\"@type\":\"SearchAction\",\"target\":{\"@type\":\"EntryPoint\",\"urlTemplate\":\"https:\/\/diamonddentart.hu\/en\/?s={search_term_string}\"},\"query-input\":{\"@type\":\"PropertyValueSpecification\",\"valueRequired\":true,\"valueName\":\"search_term_string\"}}],\"inLanguage\":\"en-US\"},{\"@type\":\"Organization\",\"@id\":\"https:\/\/diamonddentart.hu\/en\/#organization\",\"name\":\"Diamond DentArt\",\"url\":\"https:\/\/diamonddentart.hu\/en\/\",\"logo\":{\"@type\":\"ImageObject\",\"inLanguage\":\"en-US\",\"@id\":\"https:\/\/diamonddentart.hu\/en\/#\/schema\/logo\/image\/\",\"url\":\"https:\/\/diamonddentart.hu\/wp-content\/uploads\/2023\/09\/og-image-jpg.webp\",\"contentUrl\":\"https:\/\/diamonddentart.hu\/wp-content\/uploads\/2023\/09\/og-image-jpg.webp\",\"width\":1200,\"height\":675,\"caption\":\"Diamond DentArt\"},\"image\":{\"@id\":\"https:\/\/diamonddentart.hu\/en\/#\/schema\/logo\/image\/\"}}]}<\/script>\n<!-- \/ Yoast SEO Premium plugin. -->","yoast_head_json":{"title":"Fog\u00e1szati \u00e1rak - Diamond DentArt","description":"Tekintsd meg si\u00f3foki fog\u00e1szati rendel\u0151nk \u00e1rait: diagnosztika \u00e1rak, fog\u00e1szati kezel\u00e9s \u00e9s dent\u00e1lhigi\u00e9niai \u00e1rak. Tudjon meg t\u00f6bbet oldalunkon!","robots":{"index":"index","follow":"follow","max-snippet":"max-snippet:-1","max-image-preview":"max-image-preview:large","max-video-preview":"max-video-preview:-1"},"canonical":"https:\/\/diamonddentart.hu\/en\/competition\/","og_locale":"en_US","og_type":"article","og_title":"Competition","og_description":"Tekintsd meg si\u00f3foki fog\u00e1szati rendel\u0151nk \u00e1rait: diagnosztika \u00e1rak, fog\u00e1szati kezel\u00e9s \u00e9s dent\u00e1lhigi\u00e9niai \u00e1rak. Tudjon meg t\u00f6bbet oldalunkon!","og_url":"https:\/\/diamonddentart.hu\/en\/competition\/","og_site_name":"Diamond DentArt","article_modified_time":"2025-10-08T12:00:05+00:00","twitter_card":"summary_large_image","twitter_misc":{"Est. reading time":"5 minutes"},"schema":{"@context":"https:\/\/schema.org","@graph":[{"@type":"WebPage","@id":"https:\/\/diamonddentart.hu\/en\/competition\/","url":"https:\/\/diamonddentart.hu\/en\/competition\/","name":"Fog\u00e1szati \u00e1rak - Diamond DentArt","isPartOf":{"@id":"https:\/\/diamonddentart.hu\/en\/#website"},"datePublished":"2025-10-08T11:43:42+00:00","dateModified":"2025-10-08T12:00:05+00:00","description":"Tekintsd meg si\u00f3foki fog\u00e1szati rendel\u0151nk \u00e1rait: diagnosztika \u00e1rak, fog\u00e1szati kezel\u00e9s \u00e9s dent\u00e1lhigi\u00e9niai \u00e1rak. Tudjon meg t\u00f6bbet oldalunkon!","breadcrumb":{"@id":"https:\/\/diamonddentart.hu\/en\/competition\/#breadcrumb"},"inLanguage":"en-US","potentialAction":[{"@type":"ReadAction","target":["https:\/\/diamonddentart.hu\/en\/competition\/"]}]},{"@type":"BreadcrumbList","@id":"https:\/\/diamonddentart.hu\/en\/competition\/#breadcrumb","itemListElement":[{"@type":"ListItem","position":1,"name":"Home","item":"https:\/\/diamonddentart.hu\/en\/"},{"@type":"ListItem","position":2,"name":"Competition"}]},{"@type":"WebSite","@id":"https:\/\/diamonddentart.hu\/en\/#website","url":"https:\/\/diamonddentart.hu\/en\/","name":"Diamond DentArt","description":"Fog\u00e1szati Centrum","publisher":{"@id":"https:\/\/diamonddentart.hu\/en\/#organization"},"potentialAction":[{"@type":"SearchAction","target":{"@type":"EntryPoint","urlTemplate":"https:\/\/diamonddentart.hu\/en\/?s={search_term_string}"},"query-input":{"@type":"PropertyValueSpecification","valueRequired":true,"valueName":"search_term_string"}}],"inLanguage":"en-US"},{"@type":"Organization","@id":"https:\/\/diamonddentart.hu\/en\/#organization","name":"Diamond DentArt","url":"https:\/\/diamonddentart.hu\/en\/","logo":{"@type":"ImageObject","inLanguage":"en-US","@id":"https:\/\/diamonddentart.hu\/en\/#\/schema\/logo\/image\/","url":"https:\/\/diamonddentart.hu\/wp-content\/uploads\/2023\/09\/og-image-jpg.webp","contentUrl":"https:\/\/diamonddentart.hu\/wp-content\/uploads\/2023\/09\/og-image-jpg.webp","width":1200,"height":675,"caption":"Diamond DentArt"},"image":{"@id":"https:\/\/diamonddentart.hu\/en\/#\/schema\/logo\/image\/"}}]}},"_links":{"self":[{"href":"https:\/\/diamonddentart.hu\/en\/wp-json\/wp\/v2\/pages\/2622","targetHints":{"allow":["GET"]}}],"collection":[{"href":"https:\/\/diamonddentart.hu\/en\/wp-json\/wp\/v2\/pages"}],"about":[{"href":"https:\/\/diamonddentart.hu\/en\/wp-json\/wp\/v2\/types\/page"}],"author":[{"embeddable":true,"href":"https:\/\/diamonddentart.hu\/en\/wp-json\/wp\/v2\/users\/1"}],"replies":[{"embeddable":true,"href":"https:\/\/diamonddentart.hu\/en\/wp-json\/wp\/v2\/comments?post=2622"}],"version-history":[{"count":1,"href":"https:\/\/diamonddentart.hu\/en\/wp-json\/wp\/v2\/pages\/2622\/revisions"}],"predecessor-version":[{"id":2628,"href":"https:\/\/diamonddentart.hu\/en\/wp-json\/wp\/v2\/pages\/2622\/revisions\/2628"}],"wp:attachment":[{"href":"https:\/\/diamonddentart.hu\/en\/wp-json\/wp\/v2\/media?parent=2622"}],"curies":[{"name":"wp","href":"https:\/\/api.w.org\/{rel}","templated":true}]}}