{"id":721,"date":"2023-08-25T11:16:26","date_gmt":"2023-08-25T09:16:26","guid":{"rendered":"https:\/\/diamonddentart.hu\/akcio\/"},"modified":"2026-03-12T09:13:26","modified_gmt":"2026-03-12T08:13:26","slug":"akcio","status":"publish","type":"page","link":"https:\/\/diamonddentart.hu\/de\/akcio\/","title":{"rendered":"Anreise und Unterkunft"},"content":{"rendered":"<p><div class=\"fusion-fullwidth fullwidth-box fusion-builder-row-1 fusion-flex-container has-pattern-background has-mask-background fusion-parallax-none nonhundred-percent-fullwidth non-hundred-percent-height-scrolling\" style=\"--awb-border-radius-top-left:0px;--awb-border-radius-top-right:0px;--awb-border-radius-bottom-right:0px;--awb-border-radius-bottom-left:0px;--awb-padding-top:2rem;--awb-padding-bottom:1rem;--awb-background-color:var(--awb-color2);--awb-background-image:url(&quot;https:\/\/diamonddentart.hu\/wp-content\/uploads\/2023\/08\/diamond-pattern-blue.svg&quot;);--awb-background-size:cover;\" ><div class=\"fusion-builder-row fusion-row fusion-flex-align-items-flex-start\" style=\"max-width:1456px;margin-left: calc(-4% \/ 2 );margin-right: calc(-4% \/ 2 );\"><div class=\"fusion-layout-column fusion_builder_column fusion-builder-column-0 fusion_builder_column_1_1 1_1 fusion-flex-column\" style=\"--awb-bg-size:cover;--awb-width-large:100%;--awb-margin-top-large:0px;--awb-spacing-right-large:1.92%;--awb-margin-bottom-large:20px;--awb-spacing-left-large:1.92%;--awb-width-medium:100%;--awb-order-medium:0;--awb-spacing-right-medium:1.92%;--awb-spacing-left-medium:1.92%;--awb-width-small:100%;--awb-order-small:0;--awb-spacing-right-small:1.92%;--awb-spacing-left-small:1.92%;\"><div class=\"fusion-column-wrapper fusion-column-has-shadow fusion-flex-justify-content-flex-start fusion-content-layout-column\"><div class=\"fusion-title title fusion-title-1 fusion-title-text fusion-title-size-three\" style=\"--awb-text-color:var(--awb-custom_color_6);--awb-margin-bottom:2rem;--awb-sep-color:var(--awb-custom_color_6);\"><div class=\"title-sep-container title-sep-container-left fusion-no-large-visibility fusion-no-medium-visibility fusion-no-small-visibility\"><div class=\"title-sep sep-single sep-solid\" style=\"border-color:var(--awb-custom_color_6);\"><\/div><\/div><span class=\"awb-title-spacer fusion-no-large-visibility fusion-no-medium-visibility fusion-no-small-visibility\"><\/span><h3 class=\"title-heading-left fusion-responsive-typography-calculated\" style=\"margin:0;text-transform:uppercase;--fontSize:48;line-height:var(--awb-typography1-line-height);\">Anreise und Unterkunft<\/h3><span class=\"awb-title-spacer\"><\/span><div class=\"title-sep-container title-sep-container-right\"><div class=\"title-sep sep-single sep-solid\" style=\"border-color:var(--awb-custom_color_6);\"><\/div><\/div><\/div><\/div><\/div><\/div><\/div><div class=\"fusion-fullwidth fullwidth-box fusion-builder-row-2 fusion-flex-container has-pattern-background has-mask-background nonhundred-percent-fullwidth non-hundred-percent-height-scrolling\" style=\"--awb-border-radius-top-left:0px;--awb-border-radius-top-right:0px;--awb-border-radius-bottom-right:0px;--awb-border-radius-bottom-left:0px;--awb-padding-top:3rem;--awb-padding-bottom:1rem;\" ><div class=\"fusion-builder-row fusion-row fusion-flex-align-items-flex-start\" style=\"max-width:1456px;margin-left: calc(-4% \/ 2 );margin-right: calc(-4% \/ 2 );\"><div class=\"fusion-layout-column fusion_builder_column fusion-builder-column-1 fusion_builder_column_1_1 1_1 fusion-flex-column\" style=\"--awb-bg-size:cover;--awb-width-large:100%;--awb-margin-top-large:0px;--awb-spacing-right-large:1.92%;--awb-margin-bottom-large:20px;--awb-spacing-left-large:1.92%;--awb-width-medium:100%;--awb-order-medium:0;--awb-spacing-right-medium:1.92%;--awb-spacing-left-medium:1.92%;--awb-width-small:100%;--awb-order-small:0;--awb-spacing-right-small:1.92%;--awb-spacing-left-small:1.92%;\"><div class=\"fusion-column-wrapper fusion-column-has-shadow fusion-flex-justify-content-flex-start fusion-content-layout-column\"><div class=\"fusion-text fusion-text-1\" style=\"--awb-content-alignment:justify;\"><p>Si\u00f3fok wird oft als die &#8222;Hauptstadt des Plattensees&#8220; bezeichnet. Eine malerische Stadt am S\u00fcdufer des Plattensees, direkt am gr\u00f6\u00dften S\u00fc\u00dfwassersee Ungarns, wleches auch als \u201cungarisches Meer\u201d bezeichnet wird. Mit seinem kristallklaren Wasser und seiner lebhaften Atmosph\u00e4re ist Si\u00f3fok das perfekte Reiseziel f\u00fcr alle, die eine Mischung aus Entspannung und Abenteuer suchen.<\/p>\n<p>Sein kristallklares Wasser reicht so weit das Auge reicht und bietet eine breite Palette an Wassersportarten wie Schwimmen, Segeln, Rudern und Windsurfen. Sonnenanbeter k\u00f6nnen an den Str\u00e4nden entlang des Ufers die Sonne genie\u00dfen. Siofok bietet nicht nur eine herrliche Lage am See, sondern auch ein lebendiges Stadtzentrum mit vielen Restaurants, Caf\u00e9s und Gesch\u00e4ften.<\/p>\n<p>Siofok ist ein beliebter Ferienort in Ungarn mit rund 35.000 Einwohnern, die in der Sommersaison um weitere 200.000 Menschen anw\u00e4chst.<\/p>\n<p><b>Unterkunft<\/b><\/p>\n<p>\u00dcber der Zahnklinik befinden sich 6 Wohnungen mit K\u00fcche und eigenem Bad. Das Geb\u00e4ude ist mit einem Aufzug ausgestattet und ist barrierefrei. Die Apartments sind mit K\u00fcche, TV, Internet und eigenem Bad ausgestattet. F\u00fcr diejenigen, die mit ihrem eigenen Auto anreisen, gibt es einen geschlossenen Parkplatz im Hof.<\/p>\n<p><u>Entfernungen:<\/u><\/p>\n<p>DM Drogerie Markt \u2013 10 meter<\/p>\n<p>Bus und Bahnhof \u2013 50 meter<\/p>\n<p>Spar \u2013 550 meter<\/p>\n<p>Plattensee: 800 meter<\/p>\n<\/div><\/div><\/div><div class=\"fusion-layout-column fusion_builder_column fusion-builder-column-2 fusion_builder_column_1_2 1_2 fusion-flex-column\" style=\"--awb-bg-size:cover;--awb-width-large:50%;--awb-margin-top-large:0px;--awb-spacing-right-large:3.84%;--awb-margin-bottom-large:20px;--awb-spacing-left-large:3.84%;--awb-width-medium:50%;--awb-order-medium:0;--awb-spacing-right-medium:3.84%;--awb-spacing-left-medium:3.84%;--awb-width-small:100%;--awb-order-small:0;--awb-spacing-right-small:1.92%;--awb-spacing-left-small:1.92%;\"><div class=\"fusion-column-wrapper fusion-column-has-shadow fusion-flex-justify-content-flex-start fusion-content-layout-column\"><div class=\"fusion-image-element \" style=\"--awb-caption-title-font-family:var(--h2_typography-font-family);--awb-caption-title-font-weight:var(--h2_typography-font-weight);--awb-caption-title-font-style:var(--h2_typography-font-style);--awb-caption-title-size:var(--h2_typography-font-size);--awb-caption-title-transform:var(--h2_typography-text-transform);--awb-caption-title-line-height:var(--h2_typography-line-height);--awb-caption-title-letter-spacing:var(--h2_typography-letter-spacing);\"><span class=\" fusion-imageframe imageframe-none imageframe-1 hover-type-none\" class=\"image-magnify\" class=\"image-scroll\"><img decoding=\"async\" width=\"1200\" height=\"800\" alt=\"fog\u00e1szat Balaton\" title=\"dreamstime_xl_186209315-min\" src=\"https:\/\/diamonddentart.hu\/wp-content\/uploads\/2023\/09\/dreamstime_xl_186209315-min.jpg\" class=\"img-responsive wp-image-1439\" srcset=\"https:\/\/diamonddentart.hu\/wp-content\/uploads\/2023\/09\/dreamstime_xl_186209315-min-200x133.jpg 200w, https:\/\/diamonddentart.hu\/wp-content\/uploads\/2023\/09\/dreamstime_xl_186209315-min-400x267.jpg 400w, https:\/\/diamonddentart.hu\/wp-content\/uploads\/2023\/09\/dreamstime_xl_186209315-min-600x400.jpg 600w, https:\/\/diamonddentart.hu\/wp-content\/uploads\/2023\/09\/dreamstime_xl_186209315-min-800x533.jpg 800w, https:\/\/diamonddentart.hu\/wp-content\/uploads\/2023\/09\/dreamstime_xl_186209315-min.jpg 1200w\" sizes=\"(max-width: 640px) 100vw, 800px\" \/><\/span><\/div><\/div><\/div><div class=\"fusion-layout-column fusion_builder_column fusion-builder-column-3 fusion_builder_column_1_2 1_2 fusion-flex-column\" style=\"--awb-bg-size:cover;--awb-width-large:50%;--awb-margin-top-large:0px;--awb-spacing-right-large:3.84%;--awb-margin-bottom-large:20px;--awb-spacing-left-large:3.84%;--awb-width-medium:50%;--awb-order-medium:0;--awb-spacing-right-medium:3.84%;--awb-spacing-left-medium:3.84%;--awb-width-small:100%;--awb-order-small:0;--awb-spacing-right-small:1.92%;--awb-spacing-left-small:1.92%;\"><div class=\"fusion-column-wrapper fusion-column-has-shadow fusion-flex-justify-content-flex-start fusion-content-layout-column\"><div class=\"fusion-image-element \" style=\"--awb-caption-title-font-family:var(--h2_typography-font-family);--awb-caption-title-font-weight:var(--h2_typography-font-weight);--awb-caption-title-font-style:var(--h2_typography-font-style);--awb-caption-title-size:var(--h2_typography-font-size);--awb-caption-title-transform:var(--h2_typography-text-transform);--awb-caption-title-line-height:var(--h2_typography-line-height);--awb-caption-title-letter-spacing:var(--h2_typography-letter-spacing);\"><span class=\" fusion-imageframe imageframe-none imageframe-2 hover-type-none\" class=\"image-magnify\" class=\"image-scroll\"><img decoding=\"async\" width=\"1200\" height=\"800\" alt=\"fogszab\u00e1lyoz\u00e1s Si\u00f3fok\" title=\"dreamstime_xl_285426519-min\" src=\"https:\/\/diamonddentart.hu\/wp-content\/uploads\/2023\/09\/dreamstime_xl_285426519-min.jpg\" class=\"img-responsive wp-image-1442\" srcset=\"https:\/\/diamonddentart.hu\/wp-content\/uploads\/2023\/09\/dreamstime_xl_285426519-min-200x133.jpg 200w, https:\/\/diamonddentart.hu\/wp-content\/uploads\/2023\/09\/dreamstime_xl_285426519-min-400x267.jpg 400w, https:\/\/diamonddentart.hu\/wp-content\/uploads\/2023\/09\/dreamstime_xl_285426519-min-600x400.jpg 600w, https:\/\/diamonddentart.hu\/wp-content\/uploads\/2023\/09\/dreamstime_xl_285426519-min-800x533.jpg 800w, https:\/\/diamonddentart.hu\/wp-content\/uploads\/2023\/09\/dreamstime_xl_285426519-min.jpg 1200w\" sizes=\"(max-width: 640px) 100vw, 800px\" \/><\/span><\/div><\/div><\/div><div class=\"fusion-layout-column fusion_builder_column fusion-builder-column-4 fusion_builder_column_1_1 1_1 fusion-flex-column\" style=\"--awb-bg-size:cover;--awb-width-large:100%;--awb-margin-top-large:0px;--awb-spacing-right-large:1.92%;--awb-margin-bottom-large:20px;--awb-spacing-left-large:1.92%;--awb-width-medium:100%;--awb-order-medium:0;--awb-spacing-right-medium:1.92%;--awb-spacing-left-medium:1.92%;--awb-width-small:100%;--awb-order-small:0;--awb-spacing-right-small:1.92%;--awb-spacing-left-small:1.92%;\"><div class=\"fusion-column-wrapper fusion-column-has-shadow fusion-flex-justify-content-flex-start fusion-content-layout-column\"><div class=\"fusion-text fusion-text-2\" style=\"--awb-content-alignment:justify;\"><p style=\"padding-left: 40px;\"><strong>Anreise:<\/strong><\/p>\n<p>Sie haben die M\u00f6glichkeit, privat anzureisen oder Ihre Anreise durch die Diamond DentArt ZahnKlinik organisieren zu lassen.<\/p>\n<p>Bei der Anreise haben Sie die M\u00f6glichkeit,:<\/p>\n<p>&#8211; mit dem Auto oder \u00f6ffentlichen Verkehrsmitteln anzureisen.<\/p>\n<p style=\"padding-left: 40px;\">o mit dem Auto: Unsere Patienten haben die M\u00f6glichkeit, ihr Fahrzeug auf einem sicheren, abgeschlossenen Parkplatz hinter der Klinik zu parken.<\/p>\n<p style=\"padding-left: 40px;\">o mit \u00f6ffentlichen Verkehrsmitteln: Die Bahn- und Bushaltestellen befinden sich nur 50 Meter von der Klinik. Von Budapest Kelenf\u00f6ld nach Siofok ist es eine 1-st\u00fcndige Fahrt (Ausgang Stadtzentrum).<\/p>\n<p>&#8211; Es besteht auch die M\u00f6glichkeit, an den von der Klinik organisierten Anreisen teilzunehmen.<\/p>\n<p style=\"padding-left: 40px;\">o Shuttle-Service: Wenn Sie in der N\u00e4he der ungarischen Grenze wohnen und nicht in Flugdistanz sind, k\u00f6nnen Sie unseren Shuttle-Service nutzen, der Sie in der n\u00e4chstgelegenen Stadt abholt.<\/p>\n<p style=\"padding-left: 40px;\">o Flugticket: Wir k\u00f6nnen Ihren Flug buchen und organisieren. In diesem Fall k\u00f6nnen wir einen Flughafentransfer vom Flughafen Budapest nach Siofok oder von Siofok zum Flughafen Budapest organisieren.<\/p>\n<p>Bitte kontaktieren Sie uns, um Ihre Reisevorbereitungen so einfach wie m\u00f6glich zu gestalten und den Grundstein f\u00fcr einen entspannten Aufenthalt bei uns in Siofoko zu legen.<\/p>\n<\/div><\/div><\/div><\/div><\/div><\/p>\n","protected":false},"excerpt":{"rendered":"","protected":false},"author":1,"featured_media":0,"parent":0,"menu_order":0,"comment_status":"closed","ping_status":"closed","template":"100-width.php","meta":{"inline_featured_image":false,"footnotes":""},"class_list":["post-721","page","type-page","status-publish","hentry"],"yoast_head":"<!-- This site is optimized with the Yoast SEO Premium plugin v26.2 (Yoast SEO v26.6) - https:\/\/yoast.com\/wordpress\/plugins\/seo\/ -->\n<title>Anreise und Unterkunft - Diamond DentArt<\/title>\n<meta name=\"robots\" content=\"index, follow, max-snippet:-1, max-image-preview:large, max-video-preview:-1\" \/>\n<link rel=\"canonical\" href=\"https:\/\/diamonddentart.hu\/de\/akcio\/\" \/>\n<meta property=\"og:locale\" content=\"de_DE\" \/>\n<meta property=\"og:type\" content=\"article\" \/>\n<meta property=\"og:title\" content=\"Anreise und Unterkunft\" \/>\n<meta property=\"og:url\" content=\"https:\/\/diamonddentart.hu\/de\/akcio\/\" \/>\n<meta property=\"og:site_name\" content=\"Diamond DentArt\" \/>\n<meta property=\"article:modified_time\" content=\"2026-03-12T08:13:26+00:00\" \/>\n<meta name=\"twitter:card\" content=\"summary_large_image\" \/>\n<meta name=\"twitter:label1\" content=\"Gesch\u00e4tzte Lesezeit\" \/>\n\t<meta name=\"twitter:data1\" content=\"10\u00a0Minuten\" \/>\n<script type=\"application\/ld+json\" class=\"yoast-schema-graph\">{\"@context\":\"https:\/\/schema.org\",\"@graph\":[{\"@type\":\"WebPage\",\"@id\":\"https:\/\/diamonddentart.hu\/de\/akcio\/\",\"url\":\"https:\/\/diamonddentart.hu\/de\/akcio\/\",\"name\":\"Anreise und Unterkunft - Diamond DentArt\",\"isPartOf\":{\"@id\":\"https:\/\/diamonddentart.hu\/de\/#website\"},\"datePublished\":\"2023-08-25T09:16:26+00:00\",\"dateModified\":\"2026-03-12T08:13:26+00:00\",\"breadcrumb\":{\"@id\":\"https:\/\/diamonddentart.hu\/de\/akcio\/#breadcrumb\"},\"inLanguage\":\"de\",\"potentialAction\":[{\"@type\":\"ReadAction\",\"target\":[\"https:\/\/diamonddentart.hu\/de\/akcio\/\"]}]},{\"@type\":\"BreadcrumbList\",\"@id\":\"https:\/\/diamonddentart.hu\/de\/akcio\/#breadcrumb\",\"itemListElement\":[{\"@type\":\"ListItem\",\"position\":1,\"name\":\"Home\",\"item\":\"https:\/\/diamonddentart.hu\/de\/\"},{\"@type\":\"ListItem\",\"position\":2,\"name\":\"Anreise und Unterkunft\"}]},{\"@type\":\"WebSite\",\"@id\":\"https:\/\/diamonddentart.hu\/de\/#website\",\"url\":\"https:\/\/diamonddentart.hu\/de\/\",\"name\":\"Diamond DentArt\",\"description\":\"Fog\u00e1szati Centrum\",\"publisher\":{\"@id\":\"https:\/\/diamonddentart.hu\/de\/#organization\"},\"potentialAction\":[{\"@type\":\"SearchAction\",\"target\":{\"@type\":\"EntryPoint\",\"urlTemplate\":\"https:\/\/diamonddentart.hu\/de\/?s={search_term_string}\"},\"query-input\":{\"@type\":\"PropertyValueSpecification\",\"valueRequired\":true,\"valueName\":\"search_term_string\"}}],\"inLanguage\":\"de\"},{\"@type\":\"Organization\",\"@id\":\"https:\/\/diamonddentart.hu\/de\/#organization\",\"name\":\"Diamond DentArt\",\"url\":\"https:\/\/diamonddentart.hu\/de\/\",\"logo\":{\"@type\":\"ImageObject\",\"inLanguage\":\"de\",\"@id\":\"https:\/\/diamonddentart.hu\/de\/#\/schema\/logo\/image\/\",\"url\":\"https:\/\/diamonddentart.hu\/wp-content\/uploads\/2023\/09\/og-image-jpg.webp\",\"contentUrl\":\"https:\/\/diamonddentart.hu\/wp-content\/uploads\/2023\/09\/og-image-jpg.webp\",\"width\":1200,\"height\":675,\"caption\":\"Diamond DentArt\"},\"image\":{\"@id\":\"https:\/\/diamonddentart.hu\/de\/#\/schema\/logo\/image\/\"}}]}<\/script>\n<!-- \/ Yoast SEO Premium plugin. -->","yoast_head_json":{"title":"Anreise und Unterkunft - Diamond DentArt","robots":{"index":"index","follow":"follow","max-snippet":"max-snippet:-1","max-image-preview":"max-image-preview:large","max-video-preview":"max-video-preview:-1"},"canonical":"https:\/\/diamonddentart.hu\/de\/akcio\/","og_locale":"de_DE","og_type":"article","og_title":"Anreise und Unterkunft","og_url":"https:\/\/diamonddentart.hu\/de\/akcio\/","og_site_name":"Diamond DentArt","article_modified_time":"2026-03-12T08:13:26+00:00","twitter_card":"summary_large_image","twitter_misc":{"Gesch\u00e4tzte Lesezeit":"10\u00a0Minuten"},"schema":{"@context":"https:\/\/schema.org","@graph":[{"@type":"WebPage","@id":"https:\/\/diamonddentart.hu\/de\/akcio\/","url":"https:\/\/diamonddentart.hu\/de\/akcio\/","name":"Anreise und Unterkunft - Diamond DentArt","isPartOf":{"@id":"https:\/\/diamonddentart.hu\/de\/#website"},"datePublished":"2023-08-25T09:16:26+00:00","dateModified":"2026-03-12T08:13:26+00:00","breadcrumb":{"@id":"https:\/\/diamonddentart.hu\/de\/akcio\/#breadcrumb"},"inLanguage":"de","potentialAction":[{"@type":"ReadAction","target":["https:\/\/diamonddentart.hu\/de\/akcio\/"]}]},{"@type":"BreadcrumbList","@id":"https:\/\/diamonddentart.hu\/de\/akcio\/#breadcrumb","itemListElement":[{"@type":"ListItem","position":1,"name":"Home","item":"https:\/\/diamonddentart.hu\/de\/"},{"@type":"ListItem","position":2,"name":"Anreise und Unterkunft"}]},{"@type":"WebSite","@id":"https:\/\/diamonddentart.hu\/de\/#website","url":"https:\/\/diamonddentart.hu\/de\/","name":"Diamond DentArt","description":"Fog\u00e1szati Centrum","publisher":{"@id":"https:\/\/diamonddentart.hu\/de\/#organization"},"potentialAction":[{"@type":"SearchAction","target":{"@type":"EntryPoint","urlTemplate":"https:\/\/diamonddentart.hu\/de\/?s={search_term_string}"},"query-input":{"@type":"PropertyValueSpecification","valueRequired":true,"valueName":"search_term_string"}}],"inLanguage":"de"},{"@type":"Organization","@id":"https:\/\/diamonddentart.hu\/de\/#organization","name":"Diamond DentArt","url":"https:\/\/diamonddentart.hu\/de\/","logo":{"@type":"ImageObject","inLanguage":"de","@id":"https:\/\/diamonddentart.hu\/de\/#\/schema\/logo\/image\/","url":"https:\/\/diamonddentart.hu\/wp-content\/uploads\/2023\/09\/og-image-jpg.webp","contentUrl":"https:\/\/diamonddentart.hu\/wp-content\/uploads\/2023\/09\/og-image-jpg.webp","width":1200,"height":675,"caption":"Diamond DentArt"},"image":{"@id":"https:\/\/diamonddentart.hu\/de\/#\/schema\/logo\/image\/"}}]}},"_links":{"self":[{"href":"https:\/\/diamonddentart.hu\/de\/wp-json\/wp\/v2\/pages\/721","targetHints":{"allow":["GET"]}}],"collection":[{"href":"https:\/\/diamonddentart.hu\/de\/wp-json\/wp\/v2\/pages"}],"about":[{"href":"https:\/\/diamonddentart.hu\/de\/wp-json\/wp\/v2\/types\/page"}],"author":[{"embeddable":true,"href":"https:\/\/diamonddentart.hu\/de\/wp-json\/wp\/v2\/users\/1"}],"replies":[{"embeddable":true,"href":"https:\/\/diamonddentart.hu\/de\/wp-json\/wp\/v2\/comments?post=721"}],"version-history":[{"count":11,"href":"https:\/\/diamonddentart.hu\/de\/wp-json\/wp\/v2\/pages\/721\/revisions"}],"predecessor-version":[{"id":3110,"href":"https:\/\/diamonddentart.hu\/de\/wp-json\/wp\/v2\/pages\/721\/revisions\/3110"}],"wp:attachment":[{"href":"https:\/\/diamonddentart.hu\/de\/wp-json\/wp\/v2\/media?parent=721"}],"curies":[{"name":"wp","href":"https:\/\/api.w.org\/{rel}","templated":true}]}}