{"id":717,"date":"2023-08-25T11:16:08","date_gmt":"2023-08-25T09:16:08","guid":{"rendered":"https:\/\/diamonddentart.hu\/arak\/"},"modified":"2023-09-19T15:18:34","modified_gmt":"2023-09-19T13:18:34","slug":"arak","status":"publish","type":"page","link":"https:\/\/diamonddentart.hu\/de\/arak\/","title":{"rendered":"Preisliste"},"content":{"rendered":"<p><div class=\"fusion-fullwidth fullwidth-box fusion-builder-row-1 fusion-flex-container has-pattern-background has-mask-background fusion-parallax-none nonhundred-percent-fullwidth non-hundred-percent-height-scrolling\" style=\"--awb-border-radius-top-left:0px;--awb-border-radius-top-right:0px;--awb-border-radius-bottom-right:0px;--awb-border-radius-bottom-left:0px;--awb-padding-top:2rem;--awb-padding-bottom:1rem;--awb-background-color:var(--awb-color2);--awb-background-image:url(&quot;https:\/\/diamonddentart.hu\/wp-content\/uploads\/2023\/08\/diamond-pattern-blue.svg&quot;);--awb-background-size:cover;\" ><div class=\"fusion-builder-row fusion-row fusion-flex-align-items-flex-start\" style=\"max-width:1456px;margin-left: calc(-4% \/ 2 );margin-right: calc(-4% \/ 2 );\"><div class=\"fusion-layout-column fusion_builder_column fusion-builder-column-0 fusion_builder_column_1_1 1_1 fusion-flex-column\" style=\"--awb-bg-size:cover;--awb-width-large:100%;--awb-margin-top-large:0px;--awb-spacing-right-large:1.92%;--awb-margin-bottom-large:20px;--awb-spacing-left-large:1.92%;--awb-width-medium:100%;--awb-order-medium:0;--awb-spacing-right-medium:1.92%;--awb-spacing-left-medium:1.92%;--awb-width-small:100%;--awb-order-small:0;--awb-spacing-right-small:1.92%;--awb-spacing-left-small:1.92%;\"><div class=\"fusion-column-wrapper fusion-column-has-shadow fusion-flex-justify-content-flex-start fusion-content-layout-column\"><div class=\"fusion-title title fusion-title-1 fusion-title-text fusion-title-size-three\" style=\"--awb-text-color:var(--awb-custom_color_6);--awb-margin-bottom:2rem;--awb-sep-color:var(--awb-custom_color_6);\"><div class=\"title-sep-container title-sep-container-left fusion-no-large-visibility fusion-no-medium-visibility fusion-no-small-visibility\"><div class=\"title-sep sep-single sep-solid\" style=\"border-color:var(--awb-custom_color_6);\"><\/div><\/div><span class=\"awb-title-spacer fusion-no-large-visibility fusion-no-medium-visibility fusion-no-small-visibility\"><\/span><h3 class=\"title-heading-left fusion-responsive-typography-calculated\" style=\"margin:0;text-transform:uppercase;--fontSize:48;line-height:var(--awb-typography1-line-height);\">Preisliste<\/h3><span class=\"awb-title-spacer\"><\/span><div class=\"title-sep-container title-sep-container-right\"><div class=\"title-sep sep-single sep-solid\" style=\"border-color:var(--awb-custom_color_6);\"><\/div><\/div><\/div><\/div><\/div><div class=\"fusion-layout-column fusion_builder_column fusion-builder-column-1 fusion_builder_column_1_1 1_1 fusion-flex-column\" style=\"--awb-bg-size:cover;--awb-width-large:100%;--awb-margin-top-large:0px;--awb-spacing-right-large:1.92%;--awb-margin-bottom-large:20px;--awb-spacing-left-large:1.92%;--awb-width-medium:100%;--awb-order-medium:0;--awb-spacing-right-medium:1.92%;--awb-spacing-left-medium:1.92%;--awb-width-small:100%;--awb-order-small:0;--awb-spacing-right-small:1.92%;--awb-spacing-left-small:1.92%;\"><div class=\"fusion-column-wrapper fusion-column-has-shadow fusion-flex-justify-content-flex-start fusion-content-layout-column\"><div class=\"fusion-text fusion-text-1\" style=\"--awb-content-alignment:justify;--awb-font-size:20px;--awb-text-color:var(--awb-custom_color_6);\"><p>Bei der ersten Konsultation erstellen wir f\u00fcr jeden Patienten einen Behandlungsplan, der in Behandlungssitzungen unterteilt werden kann. Der Behandlungsplan enth\u00e4lt zudem genaue Erholungszeiten und hilft dadurch die komplette L\u00e4nge der Behandlung zu \u00fcberblicken. Der angegebene Preis ber\u00fccksichtigt die Bed\u00fcrfnisse unserer Patienten und die sich st\u00e4ndig weiterentwickelnden Regeln des zahn\u00e4rztlichen Berufsstandes.<\/p>\n<\/div><\/div><\/div><\/div><\/div><div class=\"fusion-fullwidth fullwidth-box fusion-builder-row-2 fusion-flex-container has-pattern-background has-mask-background nonhundred-percent-fullwidth non-hundred-percent-height-scrolling\" style=\"--awb-border-radius-top-left:0px;--awb-border-radius-top-right:0px;--awb-border-radius-bottom-right:0px;--awb-border-radius-bottom-left:0px;--awb-padding-top:2rem;--awb-padding-bottom:1rem;--awb-background-color:var(--awb-custom_color_6);\" ><div class=\"fusion-builder-row fusion-row fusion-flex-align-items-flex-start\" style=\"max-width:1456px;margin-left: calc(-4% \/ 2 );margin-right: calc(-4% \/ 2 );\"><div class=\"fusion-layout-column fusion_builder_column fusion-builder-column-2 fusion_builder_column_1_1 1_1 fusion-flex-column\" style=\"--awb-bg-size:cover;--awb-width-large:100%;--awb-margin-top-large:0px;--awb-spacing-right-large:1.92%;--awb-margin-bottom-large:20px;--awb-spacing-left-large:1.92%;--awb-width-medium:100%;--awb-order-medium:0;--awb-spacing-right-medium:1.92%;--awb-spacing-left-medium:1.92%;--awb-width-small:100%;--awb-order-small:0;--awb-spacing-right-small:1.92%;--awb-spacing-left-small:1.92%;\"><div class=\"fusion-column-wrapper fusion-column-has-shadow fusion-flex-justify-content-flex-start fusion-content-layout-column\"><div class=\"fusion-text fusion-text-2 fusion-text-no-margin\" style=\"--awb-content-alignment:justify;\"><p>Ausl\u00e4ndische Patienten, die in unsere Klinik kommen, haben die M\u00f6glichkeit, online einen Kostenvoranschlag anzufordern, damit bei Behandlungsbeginn keine unerwarteten Kosten auf sie zukommen.<\/p>\n<p>F\u00fcr deutsche und \u00f6sterreichische Patienten bieten wir die M\u00f6glichkeit, einen Kostenvoranschlag in deutscher Sprache bei ihrer Versicherung einzureichen und so die Kosten f\u00fcr ihre Zahnbehandlung zu senken.<\/p>\n<p>Aus rechtlichen Gr\u00fcnden ist es uns nicht gestattet, eine Preisliste auf unserer Website zu ver\u00f6ffentlichen.<\/p>\n<\/div><\/div><\/div><\/div><\/div><\/p>\n","protected":false},"excerpt":{"rendered":"","protected":false},"author":1,"featured_media":0,"parent":0,"menu_order":0,"comment_status":"closed","ping_status":"closed","template":"100-width.php","meta":{"inline_featured_image":false,"footnotes":""},"class_list":["post-717","page","type-page","status-publish","hentry"],"yoast_head":"<!-- This site is optimized with the Yoast SEO Premium plugin v26.2 (Yoast SEO v26.6) - https:\/\/yoast.com\/wordpress\/plugins\/seo\/ -->\n<title>Preisliste - Diamond DentArt<\/title>\n<meta name=\"robots\" content=\"index, follow, max-snippet:-1, max-image-preview:large, max-video-preview:-1\" \/>\n<link rel=\"canonical\" href=\"https:\/\/diamonddentart.hu\/de\/arak\/\" \/>\n<meta property=\"og:locale\" content=\"de_DE\" \/>\n<meta property=\"og:type\" content=\"article\" \/>\n<meta property=\"og:title\" content=\"Preisliste\" \/>\n<meta property=\"og:url\" content=\"https:\/\/diamonddentart.hu\/de\/arak\/\" \/>\n<meta property=\"og:site_name\" content=\"Diamond DentArt\" \/>\n<meta property=\"article:modified_time\" content=\"2023-09-19T13:18:34+00:00\" \/>\n<meta name=\"twitter:card\" content=\"summary_large_image\" \/>\n<meta name=\"twitter:label1\" content=\"Gesch\u00e4tzte Lesezeit\" \/>\n\t<meta name=\"twitter:data1\" content=\"13\u00a0Minuten\" \/>\n<script type=\"application\/ld+json\" class=\"yoast-schema-graph\">{\"@context\":\"https:\/\/schema.org\",\"@graph\":[{\"@type\":\"WebPage\",\"@id\":\"https:\/\/diamonddentart.hu\/de\/arak\/\",\"url\":\"https:\/\/diamonddentart.hu\/de\/arak\/\",\"name\":\"Preisliste - Diamond DentArt\",\"isPartOf\":{\"@id\":\"https:\/\/diamonddentart.hu\/de\/#website\"},\"datePublished\":\"2023-08-25T09:16:08+00:00\",\"dateModified\":\"2023-09-19T13:18:34+00:00\",\"breadcrumb\":{\"@id\":\"https:\/\/diamonddentart.hu\/de\/arak\/#breadcrumb\"},\"inLanguage\":\"de\",\"potentialAction\":[{\"@type\":\"ReadAction\",\"target\":[\"https:\/\/diamonddentart.hu\/de\/arak\/\"]}]},{\"@type\":\"BreadcrumbList\",\"@id\":\"https:\/\/diamonddentart.hu\/de\/arak\/#breadcrumb\",\"itemListElement\":[{\"@type\":\"ListItem\",\"position\":1,\"name\":\"Home\",\"item\":\"https:\/\/diamonddentart.hu\/de\/\"},{\"@type\":\"ListItem\",\"position\":2,\"name\":\"Preisliste\"}]},{\"@type\":\"WebSite\",\"@id\":\"https:\/\/diamonddentart.hu\/de\/#website\",\"url\":\"https:\/\/diamonddentart.hu\/de\/\",\"name\":\"Diamond DentArt\",\"description\":\"Fog\u00e1szati Centrum\",\"publisher\":{\"@id\":\"https:\/\/diamonddentart.hu\/de\/#organization\"},\"potentialAction\":[{\"@type\":\"SearchAction\",\"target\":{\"@type\":\"EntryPoint\",\"urlTemplate\":\"https:\/\/diamonddentart.hu\/de\/?s={search_term_string}\"},\"query-input\":{\"@type\":\"PropertyValueSpecification\",\"valueRequired\":true,\"valueName\":\"search_term_string\"}}],\"inLanguage\":\"de\"},{\"@type\":\"Organization\",\"@id\":\"https:\/\/diamonddentart.hu\/de\/#organization\",\"name\":\"Diamond DentArt\",\"url\":\"https:\/\/diamonddentart.hu\/de\/\",\"logo\":{\"@type\":\"ImageObject\",\"inLanguage\":\"de\",\"@id\":\"https:\/\/diamonddentart.hu\/de\/#\/schema\/logo\/image\/\",\"url\":\"https:\/\/diamonddentart.hu\/wp-content\/uploads\/2023\/09\/og-image-jpg.webp\",\"contentUrl\":\"https:\/\/diamonddentart.hu\/wp-content\/uploads\/2023\/09\/og-image-jpg.webp\",\"width\":1200,\"height\":675,\"caption\":\"Diamond DentArt\"},\"image\":{\"@id\":\"https:\/\/diamonddentart.hu\/de\/#\/schema\/logo\/image\/\"}}]}<\/script>\n<!-- \/ Yoast SEO Premium plugin. -->","yoast_head_json":{"title":"Preisliste - Diamond DentArt","robots":{"index":"index","follow":"follow","max-snippet":"max-snippet:-1","max-image-preview":"max-image-preview:large","max-video-preview":"max-video-preview:-1"},"canonical":"https:\/\/diamonddentart.hu\/de\/arak\/","og_locale":"de_DE","og_type":"article","og_title":"Preisliste","og_url":"https:\/\/diamonddentart.hu\/de\/arak\/","og_site_name":"Diamond DentArt","article_modified_time":"2023-09-19T13:18:34+00:00","twitter_card":"summary_large_image","twitter_misc":{"Gesch\u00e4tzte Lesezeit":"13\u00a0Minuten"},"schema":{"@context":"https:\/\/schema.org","@graph":[{"@type":"WebPage","@id":"https:\/\/diamonddentart.hu\/de\/arak\/","url":"https:\/\/diamonddentart.hu\/de\/arak\/","name":"Preisliste - Diamond DentArt","isPartOf":{"@id":"https:\/\/diamonddentart.hu\/de\/#website"},"datePublished":"2023-08-25T09:16:08+00:00","dateModified":"2023-09-19T13:18:34+00:00","breadcrumb":{"@id":"https:\/\/diamonddentart.hu\/de\/arak\/#breadcrumb"},"inLanguage":"de","potentialAction":[{"@type":"ReadAction","target":["https:\/\/diamonddentart.hu\/de\/arak\/"]}]},{"@type":"BreadcrumbList","@id":"https:\/\/diamonddentart.hu\/de\/arak\/#breadcrumb","itemListElement":[{"@type":"ListItem","position":1,"name":"Home","item":"https:\/\/diamonddentart.hu\/de\/"},{"@type":"ListItem","position":2,"name":"Preisliste"}]},{"@type":"WebSite","@id":"https:\/\/diamonddentart.hu\/de\/#website","url":"https:\/\/diamonddentart.hu\/de\/","name":"Diamond DentArt","description":"Fog\u00e1szati Centrum","publisher":{"@id":"https:\/\/diamonddentart.hu\/de\/#organization"},"potentialAction":[{"@type":"SearchAction","target":{"@type":"EntryPoint","urlTemplate":"https:\/\/diamonddentart.hu\/de\/?s={search_term_string}"},"query-input":{"@type":"PropertyValueSpecification","valueRequired":true,"valueName":"search_term_string"}}],"inLanguage":"de"},{"@type":"Organization","@id":"https:\/\/diamonddentart.hu\/de\/#organization","name":"Diamond DentArt","url":"https:\/\/diamonddentart.hu\/de\/","logo":{"@type":"ImageObject","inLanguage":"de","@id":"https:\/\/diamonddentart.hu\/de\/#\/schema\/logo\/image\/","url":"https:\/\/diamonddentart.hu\/wp-content\/uploads\/2023\/09\/og-image-jpg.webp","contentUrl":"https:\/\/diamonddentart.hu\/wp-content\/uploads\/2023\/09\/og-image-jpg.webp","width":1200,"height":675,"caption":"Diamond DentArt"},"image":{"@id":"https:\/\/diamonddentart.hu\/de\/#\/schema\/logo\/image\/"}}]}},"_links":{"self":[{"href":"https:\/\/diamonddentart.hu\/de\/wp-json\/wp\/v2\/pages\/717","targetHints":{"allow":["GET"]}}],"collection":[{"href":"https:\/\/diamonddentart.hu\/de\/wp-json\/wp\/v2\/pages"}],"about":[{"href":"https:\/\/diamonddentart.hu\/de\/wp-json\/wp\/v2\/types\/page"}],"author":[{"embeddable":true,"href":"https:\/\/diamonddentart.hu\/de\/wp-json\/wp\/v2\/users\/1"}],"replies":[{"embeddable":true,"href":"https:\/\/diamonddentart.hu\/de\/wp-json\/wp\/v2\/comments?post=717"}],"version-history":[{"count":5,"href":"https:\/\/diamonddentart.hu\/de\/wp-json\/wp\/v2\/pages\/717\/revisions"}],"predecessor-version":[{"id":1680,"href":"https:\/\/diamonddentart.hu\/de\/wp-json\/wp\/v2\/pages\/717\/revisions\/1680"}],"wp:attachment":[{"href":"https:\/\/diamonddentart.hu\/de\/wp-json\/wp\/v2\/media?parent=717"}],"curies":[{"name":"wp","href":"https:\/\/api.w.org\/{rel}","templated":true}]}}